{"id":2,"date":"2012-03-18T10:43:17","date_gmt":"2012-03-18T09:43:17","guid":{"rendered":"http:\/\/drapak.ktkadan.cz\/?page_id=2"},"modified":"2025-06-03T20:30:35","modified_gmt":"2025-06-03T19:30:35","slug":"uvod","status":"publish","type":"page","link":"https:\/\/drapak.ktkadan.cz\/","title":{"rendered":"\u00davod"},"content":{"rendered":"\n<p>V\u00edt\u00e1m v\u00e1s na sv\u00fdch str\u00e1nk\u00e1ch. Prezentuji tady svoj\u00ed \u010dinnost, kterou se zab\u00fdv\u00e1m a kter\u00e1 m\u011b bav\u00ed.<\/p>\n\n\n\n<p>Jednotliv\u00e9 p\u0159\u00edsp\u011bvky jsou se\u0159azeny v rubrik\u00e1ch na prav\u00e9 stran\u011b. Pokud m\u00e1te dotazy \u010di p\u0159ipom\u00ednky vyu\u017eijte mo\u017enosti vlo\u017eit koment\u00e1\u0159 k jednotliv\u00fdm p\u0159\u00edsp\u011bvk\u016fm.<\/p>\n\n\n\n<p>&nbsp;<\/p>\n","protected":false},"excerpt":{"rendered":"<p>V\u00edt\u00e1m v\u00e1s na sv\u00fdch str\u00e1nk\u00e1ch. Prezentuji tady svoj\u00ed \u010dinnost, kterou se zab\u00fdv\u00e1m a kter\u00e1 m\u011b bav\u00ed. Jednotliv\u00e9 p\u0159\u00edsp\u011bvky jsou se\u0159azeny v rubrik\u00e1ch na prav\u00e9 stran\u011b. Pokud m\u00e1te dotazy \u010di p\u0159ipom\u00ednky vyu\u017eijte mo\u017enosti vlo\u017eit koment\u00e1\u0159 k jednotliv\u00fdm p\u0159\u00edsp\u011bvk\u016fm. &nbsp;<\/p>\n","protected":false},"author":1,"featured_media":0,"parent":0,"menu_order":0,"comment_status":"closed","ping_status":"closed","template":"","meta":{"footnotes":""},"class_list":["post-2","page","type-page","status-publish","hentry"],"_links":{"self":[{"href":"https:\/\/drapak.ktkadan.cz\/index.php?rest_route=\/wp\/v2\/pages\/2","targetHints":{"allow":["GET"]}}],"collection":[{"href":"https:\/\/drapak.ktkadan.cz\/index.php?rest_route=\/wp\/v2\/pages"}],"about":[{"href":"https:\/\/drapak.ktkadan.cz\/index.php?rest_route=\/wp\/v2\/types\/page"}],"author":[{"embeddable":true,"href":"https:\/\/drapak.ktkadan.cz\/index.php?rest_route=\/wp\/v2\/users\/1"}],"replies":[{"embeddable":true,"href":"https:\/\/drapak.ktkadan.cz\/index.php?rest_route=%2Fwp%2Fv2%2Fcomments&post=2"}],"version-history":[{"count":5,"href":"https:\/\/drapak.ktkadan.cz\/index.php?rest_route=\/wp\/v2\/pages\/2\/revisions"}],"predecessor-version":[{"id":1259,"href":"https:\/\/drapak.ktkadan.cz\/index.php?rest_route=\/wp\/v2\/pages\/2\/revisions\/1259"}],"wp:attachment":[{"href":"https:\/\/drapak.ktkadan.cz\/index.php?rest_route=%2Fwp%2Fv2%2Fmedia&parent=2"}],"curies":[{"name":"wp","href":"https:\/\/api.w.org\/{rel}","templated":true}]}}